{"id":62,"date":"2019-08-16T13:58:34","date_gmt":"2019-08-16T13:58:34","guid":{"rendered":"https:\/\/kalandokessarkanyok.hu\/regi\/?page_id=62"},"modified":"2023-09-27T14:30:54","modified_gmt":"2023-09-27T14:30:54","slug":"home","status":"publish","type":"page","link":"https:\/\/kalandokessarkanyok.hu\/regi\/","title":{"rendered":"H\u00edrek"},"content":{"rendered":"<p>[et_pb_section fb_built=&#8221;1&#8243; _builder_version=&#8221;4.16&#8243; background_color=&#8221;#171614&#8243; background_image=&#8221;https:\/\/kalandokessarkanyok.hu\/regi\/wp-content\/uploads\/2019\/08\/page-background-1.jpg&#8221; background_size=&#8221;initial&#8221; background_repeat=&#8221;repeat&#8221; global_colors_info=&#8221;{}&#8221;][et_pb_row _builder_version=&#8221;4.16&#8243; locked=&#8221;off&#8221; global_colors_info=&#8221;{}&#8221;][et_pb_column type=&#8221;4_4&#8243; _builder_version=&#8221;4.16&#8243; global_colors_info=&#8221;{}&#8221;][et_pb_slider _builder_version=&#8221;4.21.0&#8243; custom_button=&#8221;on&#8221; button_text_color=&#8221;#ffffff&#8221; button_border_color=&#8221;#ffffff&#8221; button_icon=&#8221;&#x69;||divi||400&#8243; button_icon_color=&#8221;#ffffff&#8221; button_icon_placement=&#8221;left&#8221; min_height=&#8221;424px&#8221; custom_padding=&#8221;15px||0px|||&#8221; animation_style=&#8221;fade&#8221; animation_duration=&#8221;1550ms&#8221; auto=&#8221;on&#8221; link_option_url=&#8221;https:\/\/dragonshop.hu\/?product=spelljammer-adventures-in-space-alt-cover&#8221; link_option_url_new_window=&#8221;on&#8221; hover_enabled=&#8221;0&#8243; global_colors_info=&#8221;{}&#8221; sticky_enabled=&#8221;0&#8243;][et_pb_slide heading=&#8221;The Deck of Many Things&#8221; button_text=&#8221;27 000 Ft&#8221; button_link=&#8221;https:\/\/dragonshop.hu\/?s=The+Deck+of+Many+Things&#038;post_type=product&#8221; url_new_window=&#8221;on&#8221; image=&#8221;https:\/\/kalandokessarkanyok.hu\/regi\/wp-content\/uploads\/2023\/09\/the-deck-of-many-things-card-reader-art-by-craig-j-spearing.jpg&#8221; _builder_version=&#8221;4.21.0&#8243; _module_preset=&#8221;default&#8221; link_option_url=&#8221;https:\/\/dragonshop.hu\/?s=The+Deck+of+Many+Things&#038;post_type=product&#8221; link_option_url_new_window=&#8221;on&#8221; global_colors_info=&#8221;{}&#8221; sticky_transition=&#8221;on&#8221;]<\/p>\n<p>Ha egy kalandban el\u0151ker\u00fcl a legh\u00edrhedtebb var\u00e1zst\u00e1rgy, a Deck of Many Things, az m\u00e9g \u00e9vtiezedek m\u00faltan is story lesz!<\/p>\n<p>[\/et_pb_slide][et_pb_slide heading=&#8221;Planescape: Adventures in the Multiverse&#8221; button_text=&#8221;23 000 Ft&#8221; button_link=&#8221;https:\/\/dragonshop.hu\/?s=Planescape%3A+Adventures+in+the+Multiverse&#038;post_type=product&#8221; url_new_window=&#8221;on&#8221; image=&#8221;https:\/\/kalandokessarkanyok.hu\/regi\/wp-content\/uploads\/2023\/07\/Dungeons-Dragons-RPG-Planescape-Adventures-in-the-Multiverse-alt-cover-1.png&#8221; _builder_version=&#8221;4.21.0&#8243; _module_preset=&#8221;default&#8221; link_option_url=&#8221;https:\/\/dragonshop.hu\/?s=Planescape%3A+Adventures+in+the+Multiverse&#038;post_type=product&#8221; link_option_url_new_window=&#8221;on&#8221; global_colors_info=&#8221;{}&#8221; sticky_transition=&#8221;on&#8221;]<\/p>\n<p>Outlands \u00e9s Sigil bemutat\u00e1sa 3 db kem\u00e9nyk\u00f6t\u00e9ses k\u00f6nyvben, 2db kalanddal egy\u00fctt. \u00c9s persze \u00faj sz\u00f6rnyek, h\u00e1tterek, feat-ek, amik mind csak r\u00e1 v\u00e1rnak.<\/p>\n<p>[\/et_pb_slide][et_pb_slide heading=&#8221;Bigby Presents Glory of the Giants&#8221; button_text=&#8221;17 000 Ft&#8221; button_link=&#8221;https:\/\/dragonshop.hu\/?s=Bigby+Presents+Glory+of+the+giants&#038;post_type=product&#8221; url_new_window=&#8221;on&#8221; image=&#8221;https:\/\/kalandokessarkanyok.hu\/regi\/wp-content\/uploads\/2023\/05\/Bigby-Presents-Glory-of-the-Giants-alt-cover.png&#8221; _builder_version=&#8221;4.21.0&#8243; _module_preset=&#8221;default&#8221; link_option_url=&#8221;https:\/\/dragonshop.hu\/?s=Bigby+Presents+Glory+of+the+giants&#038;post_type=product&#8221; link_option_url_new_window=&#8221;on&#8221; global_colors_info=&#8221;{}&#8221; sticky_transition=&#8221;on&#8221;]<\/p>\n<p>Hivatalos, \u00f3ri\u00e1s t\u00e9m\u00e1j\u00fa kieg\u00e9sz\u00edt\u0151 d&amp;d 5. kiad\u00e1shoz. 70+ sz\u00f6rny, feat -ek, var\u00e1zst\u00e1rgyak \u00e9s m\u00e9g sok minden m\u00e1s<\/p>\n<p>[\/et_pb_slide][\/et_pb_slider][\/et_pb_column][\/et_pb_row][et_pb_row use_custom_gutter=&#8221;on&#8221; _builder_version=&#8221;4.16&#8243; width=&#8221;100%&#8221; max_width=&#8221;1400px&#8221; custom_padding=&#8221;71px|||||&#8221; global_colors_info=&#8221;{}&#8221;][et_pb_column type=&#8221;4_4&#8243; _builder_version=&#8221;4.16&#8243; global_colors_info=&#8221;{}&#8221;][et_pb_blog fullwidth=&#8221;off&#8221; posts_number=&#8221;40&#8243; meta_date=&#8221;Y. M. j.&#8221; _builder_version=&#8221;4.16&#8243; header_text_color=&#8221;#660303&#8243; header_font_size=&#8221;23px&#8221; global_colors_info=&#8221;{}&#8221;][\/et_pb_blog][\/et_pb_column][\/et_pb_row][\/et_pb_section][et_pb_section fb_built=&#8221;1&#8243; _builder_version=&#8221;4.16&#8243; background_color=&#8221;#171614&#8243; background_image=&#8221;https:\/\/kalandokessarkanyok.hu\/regi\/wp-content\/uploads\/2019\/08\/page-background-1.jpg&#8221; background_size=&#8221;initial&#8221; background_repeat=&#8221;repeat&#8221; locked=&#8221;off&#8221; global_colors_info=&#8221;{}&#8221;][et_pb_row _builder_version=&#8221;4.16&#8243; global_colors_info=&#8221;{}&#8221;][et_pb_column type=&#8221;4_4&#8243; _builder_version=&#8221;4.16&#8243; global_colors_info=&#8221;{}&#8221;][\/et_pb_column][\/et_pb_row][\/et_pb_section]<\/p>\n","protected":false},"excerpt":{"rendered":"<p>Ha egy kalandban el\u0151ker\u00fcl a legh\u00edrhedtebb var\u00e1zst\u00e1rgy, a Deck of Many Things, az m\u00e9g \u00e9vtiezedek m\u00faltan is story lesz!Outlands \u00e9s Sigil bemutat\u00e1sa 3 db kem\u00e9nyk\u00f6t\u00e9ses k\u00f6nyvben, 2db kalanddal egy\u00fctt. \u00c9s persze \u00faj sz\u00f6rnyek, h\u00e1tterek, feat-ek, amik mind csak r\u00e1 v\u00e1rnak.Hivatalos, \u00f3ri\u00e1s t\u00e9m\u00e1j\u00fa kieg\u00e9sz\u00edt\u0151 d&amp;d 5. kiad\u00e1shoz. 70+ sz\u00f6rny, feat -ek, var\u00e1zst\u00e1rgyak \u00e9s m\u00e9g sok minden [&hellip;]<\/p>\n","protected":false},"author":1,"featured_media":0,"parent":0,"menu_order":0,"comment_status":"closed","ping_status":"closed","template":"","meta":{"_et_pb_use_builder":"on","_et_pb_old_content":"","_et_gb_content_width":"","footnotes":""},"_links":{"self":[{"href":"https:\/\/kalandokessarkanyok.hu\/regi\/wp-json\/wp\/v2\/pages\/62"}],"collection":[{"href":"https:\/\/kalandokessarkanyok.hu\/regi\/wp-json\/wp\/v2\/pages"}],"about":[{"href":"https:\/\/kalandokessarkanyok.hu\/regi\/wp-json\/wp\/v2\/types\/page"}],"author":[{"embeddable":true,"href":"https:\/\/kalandokessarkanyok.hu\/regi\/wp-json\/wp\/v2\/users\/1"}],"replies":[{"embeddable":true,"href":"https:\/\/kalandokessarkanyok.hu\/regi\/wp-json\/wp\/v2\/comments?post=62"}],"version-history":[{"count":50,"href":"https:\/\/kalandokessarkanyok.hu\/regi\/wp-json\/wp\/v2\/pages\/62\/revisions"}],"predecessor-version":[{"id":1400,"href":"https:\/\/kalandokessarkanyok.hu\/regi\/wp-json\/wp\/v2\/pages\/62\/revisions\/1400"}],"wp:attachment":[{"href":"https:\/\/kalandokessarkanyok.hu\/regi\/wp-json\/wp\/v2\/media?parent=62"}],"curies":[{"name":"wp","href":"https:\/\/api.w.org\/{rel}","templated":true}]}}